{"id":32001,"date":"2020-01-18T16:28:53","date_gmt":"2020-01-18T15:28:53","guid":{"rendered":"http:\/\/of-liberty.com\/?page_id=32001"},"modified":"2022-12-29T06:01:27","modified_gmt":"2022-12-29T05:01:27","slug":"whippets","status":"publish","type":"page","link":"https:\/\/of-liberty.com\/en\/elevage\/whippets\/","title":{"rendered":"Whippets"},"content":{"rendered":"","protected":false},"excerpt":{"rendered":"","protected":false},"author":1,"featured_media":0,"parent":38867,"menu_order":0,"comment_status":"closed","ping_status":"closed","template":"","meta":{"_jf_save_progress":"","_jf_limit_responses":"","_jet_sm_ready_style":"","_jet_sm_style":"","_jet_sm_controls_values":"","_jet_sm_fonts_collection":"","_jet_sm_fonts_links":"","footnotes":""},"class_list":["post-32001","page","type-page","status-publish","hentry"],"yoast_head":"<!-- This site is optimized with the Yoast SEO plugin v22.6 - https:\/\/yoast.com\/wordpress\/plugins\/seo\/ -->\n<title>Whippets - Of-liberty |Jeunes, Reproducteurs, Retrait\u00e9s, \u00e0 vendre<\/title>\n<meta name=\"description\" content=\"C&#039;est vrai, les whippets m&#039;ont accompagn\u00e9 pendant presque toute ma vie et il m&#039;est difficile d&#039;exprimer avec des mots tout ce qu&#039;ils m&#039;ont donn\u00e9 et me donnent encore, tous les jours. Ceux parmi vous qui ont la chance d&#039;avoir d\u00e9j\u00e0 un tel compagnon de r\u00eave, seront, sans doute, du m\u00eame avis que moi. Leur beaut\u00e9, leur charme et leur douceur de caract\u00e8re sont fascinants. Par chance, il n&#039;y a que peu de gens qui connaissent ou d\u00e9couvrent cette race merveilleuse, si bien qu&#039;ils n&#039;ont jamais \u00e9t\u00e9 \u00e0 la mode et de ce fait restent tr\u00e8s robustes, sains et \u00e9quilibr\u00e9s.\" \/>\n<meta name=\"robots\" content=\"index, follow, max-snippet:-1, max-image-preview:large, max-video-preview:-1\" \/>\n<link rel=\"canonical\" href=\"https:\/\/of-liberty.com\/en\/elevage\/whippets\/\" \/>\n<meta property=\"og:locale\" content=\"en_GB\" \/>\n<meta property=\"og:type\" content=\"article\" \/>\n<meta property=\"og:title\" content=\"Whippets - Of-liberty |Jeunes, Reproducteurs, Retrait\u00e9s, \u00e0 vendre\" \/>\n<meta property=\"og:description\" content=\"C&#039;est vrai, les whippets m&#039;ont accompagn\u00e9 pendant presque toute ma vie et il m&#039;est difficile d&#039;exprimer avec des mots tout ce qu&#039;ils m&#039;ont donn\u00e9 et me donnent encore, tous les jours. Ceux parmi vous qui ont la chance d&#039;avoir d\u00e9j\u00e0 un tel compagnon de r\u00eave, seront, sans doute, du m\u00eame avis que moi. Leur beaut\u00e9, leur charme et leur douceur de caract\u00e8re sont fascinants. Par chance, il n&#039;y a que peu de gens qui connaissent ou d\u00e9couvrent cette race merveilleuse, si bien qu&#039;ils n&#039;ont jamais \u00e9t\u00e9 \u00e0 la mode et de ce fait restent tr\u00e8s robustes, sains et \u00e9quilibr\u00e9s.\" \/>\n<meta property=\"og:url\" content=\"https:\/\/of-liberty.com\/en\/elevage\/whippets\/\" \/>\n<meta property=\"og:site_name\" content=\"Of-liberty\" \/>\n<meta property=\"article:modified_time\" content=\"2022-12-29T05:01:27+00:00\" \/>\n<meta property=\"og:image\" content=\"https:\/\/of-liberty.com\/wp-content\/uploads\/2020\/03\/logo-2-whippets-e1614256728629.png\" \/>\n\t<meta property=\"og:image:width\" content=\"142\" \/>\n\t<meta property=\"og:image:height\" content=\"90\" \/>\n\t<meta property=\"og:image:type\" content=\"image\/png\" \/>\n<meta name=\"twitter:card\" content=\"summary_large_image\" \/>\n<script type=\"application\/ld+json\" class=\"yoast-schema-graph\">{\"@context\":\"https:\/\/schema.org\",\"@graph\":[{\"@type\":\"WebPage\",\"@id\":\"https:\/\/of-liberty.com\/elevage\/whippets\/\",\"url\":\"https:\/\/of-liberty.com\/elevage\/whippets\/\",\"name\":\"Whippets - Of-liberty |Jeunes, Reproducteurs, Retrait\u00e9s, \u00e0 vendre\",\"isPartOf\":{\"@id\":\"https:\/\/of-liberty.com\/#website\"},\"datePublished\":\"2020-01-18T15:28:53+00:00\",\"dateModified\":\"2022-12-29T05:01:27+00:00\",\"description\":\"C'est vrai, les whippets m'ont accompagn\u00e9 pendant presque toute ma vie et il m'est difficile d'exprimer avec des mots tout ce qu'ils m'ont donn\u00e9 et me donnent encore, tous les jours. Ceux parmi vous qui ont la chance d'avoir d\u00e9j\u00e0 un tel compagnon de r\u00eave, seront, sans doute, du m\u00eame avis que moi. Leur beaut\u00e9, leur charme et leur douceur de caract\u00e8re sont fascinants. Par chance, il n'y a que peu de gens qui connaissent ou d\u00e9couvrent cette race merveilleuse, si bien qu'ils n'ont jamais \u00e9t\u00e9 \u00e0 la mode et de ce fait restent tr\u00e8s robustes, sains et \u00e9quilibr\u00e9s.\",\"breadcrumb\":{\"@id\":\"https:\/\/of-liberty.com\/elevage\/whippets\/#breadcrumb\"},\"inLanguage\":\"en-GB\",\"potentialAction\":[{\"@type\":\"ReadAction\",\"target\":[\"https:\/\/of-liberty.com\/elevage\/whippets\/\"]}]},{\"@type\":\"BreadcrumbList\",\"@id\":\"https:\/\/of-liberty.com\/elevage\/whippets\/#breadcrumb\",\"itemListElement\":[{\"@type\":\"ListItem\",\"position\":1,\"name\":\"Accueil\",\"item\":\"https:\/\/of-liberty.com\/\"},{\"@type\":\"ListItem\",\"position\":2,\"name\":\"Elevage de Whippets\",\"item\":\"https:\/\/of-liberty.com\/elevage\/\"},{\"@type\":\"ListItem\",\"position\":3,\"name\":\"Whippets\"}]},{\"@type\":\"WebSite\",\"@id\":\"https:\/\/of-liberty.com\/#website\",\"url\":\"https:\/\/of-liberty.com\/\",\"name\":\"Of Liberty - dog and cat boarding kennel - pension chien chat\",\"description\":\"Pension, chenil, chatterrie, \u00e9levage de whippet\",\"publisher\":{\"@id\":\"https:\/\/of-liberty.com\/#organization\"},\"potentialAction\":[{\"@type\":\"SearchAction\",\"target\":{\"@type\":\"EntryPoint\",\"urlTemplate\":\"https:\/\/of-liberty.com\/?s={search_term_string}\"},\"query-input\":\"required name=search_term_string\"}],\"inLanguage\":\"en-GB\"},{\"@type\":\"Organization\",\"@id\":\"https:\/\/of-liberty.com\/#organization\",\"name\":\"Of Liberty\",\"url\":\"https:\/\/of-liberty.com\/\",\"logo\":{\"@type\":\"ImageObject\",\"inLanguage\":\"en-GB\",\"@id\":\"https:\/\/of-liberty.com\/#\/schema\/logo\/image\/\",\"url\":\"https:\/\/of-liberty.com\/wp-content\/uploads\/2019\/11\/cropped-logo2.png\",\"contentUrl\":\"https:\/\/of-liberty.com\/wp-content\/uploads\/2019\/11\/cropped-logo2.png\",\"width\":2196,\"height\":734,\"caption\":\"Of Liberty\"},\"image\":{\"@id\":\"https:\/\/of-liberty.com\/#\/schema\/logo\/image\/\"}}]}<\/script>\n<!-- \/ Yoast SEO plugin. -->","yoast_head_json":{"title":"Whippets - Of-liberty |Jeunes, Reproducteurs, Retrait\u00e9s, \u00e0 vendre","description":"C'est vrai, les whippets m'ont accompagn\u00e9 pendant presque toute ma vie et il m'est difficile d'exprimer avec des mots tout ce qu'ils m'ont donn\u00e9 et me donnent encore, tous les jours. Ceux parmi vous qui ont la chance d'avoir d\u00e9j\u00e0 un tel compagnon de r\u00eave, seront, sans doute, du m\u00eame avis que moi. Leur beaut\u00e9, leur charme et leur douceur de caract\u00e8re sont fascinants. Par chance, il n'y a que peu de gens qui connaissent ou d\u00e9couvrent cette race merveilleuse, si bien qu'ils n'ont jamais \u00e9t\u00e9 \u00e0 la mode et de ce fait restent tr\u00e8s robustes, sains et \u00e9quilibr\u00e9s.","robots":{"index":"index","follow":"follow","max-snippet":"max-snippet:-1","max-image-preview":"max-image-preview:large","max-video-preview":"max-video-preview:-1"},"canonical":"https:\/\/of-liberty.com\/en\/elevage\/whippets\/","og_locale":"en_GB","og_type":"article","og_title":"Whippets - Of-liberty |Jeunes, Reproducteurs, Retrait\u00e9s, \u00e0 vendre","og_description":"C'est vrai, les whippets m'ont accompagn\u00e9 pendant presque toute ma vie et il m'est difficile d'exprimer avec des mots tout ce qu'ils m'ont donn\u00e9 et me donnent encore, tous les jours. Ceux parmi vous qui ont la chance d'avoir d\u00e9j\u00e0 un tel compagnon de r\u00eave, seront, sans doute, du m\u00eame avis que moi. Leur beaut\u00e9, leur charme et leur douceur de caract\u00e8re sont fascinants. Par chance, il n'y a que peu de gens qui connaissent ou d\u00e9couvrent cette race merveilleuse, si bien qu'ils n'ont jamais \u00e9t\u00e9 \u00e0 la mode et de ce fait restent tr\u00e8s robustes, sains et \u00e9quilibr\u00e9s.","og_url":"https:\/\/of-liberty.com\/en\/elevage\/whippets\/","og_site_name":"Of-liberty","article_modified_time":"2022-12-29T05:01:27+00:00","og_image":[{"width":142,"height":90,"url":"https:\/\/of-liberty.com\/wp-content\/uploads\/2020\/03\/logo-2-whippets-e1614256728629.png","type":"image\/png"}],"twitter_card":"summary_large_image","schema":{"@context":"https:\/\/schema.org","@graph":[{"@type":"WebPage","@id":"https:\/\/of-liberty.com\/elevage\/whippets\/","url":"https:\/\/of-liberty.com\/elevage\/whippets\/","name":"Whippets - Of-liberty |Jeunes, Reproducteurs, Retrait\u00e9s, \u00e0 vendre","isPartOf":{"@id":"https:\/\/of-liberty.com\/#website"},"datePublished":"2020-01-18T15:28:53+00:00","dateModified":"2022-12-29T05:01:27+00:00","description":"C'est vrai, les whippets m'ont accompagn\u00e9 pendant presque toute ma vie et il m'est difficile d'exprimer avec des mots tout ce qu'ils m'ont donn\u00e9 et me donnent encore, tous les jours. Ceux parmi vous qui ont la chance d'avoir d\u00e9j\u00e0 un tel compagnon de r\u00eave, seront, sans doute, du m\u00eame avis que moi. Leur beaut\u00e9, leur charme et leur douceur de caract\u00e8re sont fascinants. Par chance, il n'y a que peu de gens qui connaissent ou d\u00e9couvrent cette race merveilleuse, si bien qu'ils n'ont jamais \u00e9t\u00e9 \u00e0 la mode et de ce fait restent tr\u00e8s robustes, sains et \u00e9quilibr\u00e9s.","breadcrumb":{"@id":"https:\/\/of-liberty.com\/elevage\/whippets\/#breadcrumb"},"inLanguage":"en-GB","potentialAction":[{"@type":"ReadAction","target":["https:\/\/of-liberty.com\/elevage\/whippets\/"]}]},{"@type":"BreadcrumbList","@id":"https:\/\/of-liberty.com\/elevage\/whippets\/#breadcrumb","itemListElement":[{"@type":"ListItem","position":1,"name":"Accueil","item":"https:\/\/of-liberty.com\/"},{"@type":"ListItem","position":2,"name":"Elevage de Whippets","item":"https:\/\/of-liberty.com\/elevage\/"},{"@type":"ListItem","position":3,"name":"Whippets"}]},{"@type":"WebSite","@id":"https:\/\/of-liberty.com\/#website","url":"https:\/\/of-liberty.com\/","name":"Of Liberty - dog and cat boarding kennel - pension chien chat","description":"Pension, chenil, chatterrie, \u00e9levage de whippet","publisher":{"@id":"https:\/\/of-liberty.com\/#organization"},"potentialAction":[{"@type":"SearchAction","target":{"@type":"EntryPoint","urlTemplate":"https:\/\/of-liberty.com\/?s={search_term_string}"},"query-input":"required name=search_term_string"}],"inLanguage":"en-GB"},{"@type":"Organization","@id":"https:\/\/of-liberty.com\/#organization","name":"Of Liberty","url":"https:\/\/of-liberty.com\/","logo":{"@type":"ImageObject","inLanguage":"en-GB","@id":"https:\/\/of-liberty.com\/#\/schema\/logo\/image\/","url":"https:\/\/of-liberty.com\/wp-content\/uploads\/2019\/11\/cropped-logo2.png","contentUrl":"https:\/\/of-liberty.com\/wp-content\/uploads\/2019\/11\/cropped-logo2.png","width":2196,"height":734,"caption":"Of Liberty"},"image":{"@id":"https:\/\/of-liberty.com\/#\/schema\/logo\/image\/"}}]}},"_links":{"self":[{"href":"https:\/\/of-liberty.com\/en\/wp-json\/wp\/v2\/pages\/32001","targetHints":{"allow":["GET"]}}],"collection":[{"href":"https:\/\/of-liberty.com\/en\/wp-json\/wp\/v2\/pages"}],"about":[{"href":"https:\/\/of-liberty.com\/en\/wp-json\/wp\/v2\/types\/page"}],"author":[{"embeddable":true,"href":"https:\/\/of-liberty.com\/en\/wp-json\/wp\/v2\/users\/1"}],"replies":[{"embeddable":true,"href":"https:\/\/of-liberty.com\/en\/wp-json\/wp\/v2\/comments?post=32001"}],"version-history":[{"count":183,"href":"https:\/\/of-liberty.com\/en\/wp-json\/wp\/v2\/pages\/32001\/revisions"}],"predecessor-version":[{"id":41468,"href":"https:\/\/of-liberty.com\/en\/wp-json\/wp\/v2\/pages\/32001\/revisions\/41468"}],"up":[{"embeddable":true,"href":"https:\/\/of-liberty.com\/en\/wp-json\/wp\/v2\/pages\/38867"}],"wp:attachment":[{"href":"https:\/\/of-liberty.com\/en\/wp-json\/wp\/v2\/media?parent=32001"}],"curies":[{"name":"wp","href":"https:\/\/api.w.org\/{rel}","templated":true}]}}